{"id":1074,"date":"2024-03-14T12:09:23","date_gmt":"2024-03-14T12:09:23","guid":{"rendered":"https:\/\/mrhydegin.com\/?page_id=1074"},"modified":"2024-03-14T12:10:45","modified_gmt":"2024-03-14T12:10:45","slug":"aviso-legal","status":"publish","type":"page","link":"https:\/\/mrhydegin.com\/en\/aviso-legal\/","title":{"rendered":"Aviso legal"},"content":{"rendered":"<div data-elementor-type=\"wp-page\" data-elementor-id=\"1074\" class=\"elementor elementor-1074\" data-elementor-post-type=\"page\">\n\t\t\t\t\t\t<section class=\"elementor-section elementor-top-section elementor-element elementor-element-0607113 back elementor-hidden-tablet elementor-hidden-mobile elementor-section-boxed elementor-section-height-default elementor-section-height-default\" data-id=\"0607113\" data-element_type=\"section\" data-settings=\"{&quot;background_background&quot;:&quot;classic&quot;}\">\n\t\t\t\t\t\t<div class=\"elementor-container elementor-column-gap-default\">\n\t\t\t\t\t<div class=\"elementor-column elementor-col-100 elementor-top-column elementor-element elementor-element-5d01a09\" data-id=\"5d01a09\" data-element_type=\"column\">\n\t\t\t<div class=\"elementor-widget-wrap elementor-element-populated\">\n\t\t\t\t\t\t<div class=\"elementor-element elementor-element-56b64a2 elementor-widget elementor-widget-heading\" data-id=\"56b64a2\" data-element_type=\"widget\" data-widget_type=\"heading.default\">\n\t\t\t\t<div class=\"elementor-widget-container\">\n\t\t\t<style>\/*! elementor - v3.19.0 - 07-02-2024 *\/\n.elementor-heading-title{padding:0;margin:0;line-height:1}.elementor-widget-heading .elementor-heading-title[class*=elementor-size-]>a{color:inherit;font-size:inherit;line-height:inherit}.elementor-widget-heading .elementor-heading-title.elementor-size-small{font-size:15px}.elementor-widget-heading .elementor-heading-title.elementor-size-medium{font-size:19px}.elementor-widget-heading .elementor-heading-title.elementor-size-large{font-size:29px}.elementor-widget-heading .elementor-heading-title.elementor-size-xl{font-size:39px}.elementor-widget-heading .elementor-heading-title.elementor-size-xxl{font-size:59px}<\/style><h2 class=\"elementor-heading-title elementor-size-default\">AVISO LEGAL<\/h2>\t\t<\/div>\n\t\t\t\t<\/div>\n\t\t\t\t<div class=\"elementor-element elementor-element-b118322 elementor-widget elementor-widget-text-editor\" data-id=\"b118322\" data-element_type=\"widget\" data-widget_type=\"text-editor.default\">\n\t\t\t\t<div class=\"elementor-widget-container\">\n\t\t\t<style>\/*! elementor - v3.19.0 - 07-02-2024 *\/\n.elementor-widget-text-editor.elementor-drop-cap-view-stacked .elementor-drop-cap{background-color:#69727d;color:#fff}.elementor-widget-text-editor.elementor-drop-cap-view-framed .elementor-drop-cap{color:#69727d;border:3px solid;background-color:transparent}.elementor-widget-text-editor:not(.elementor-drop-cap-view-default) .elementor-drop-cap{margin-top:8px}.elementor-widget-text-editor:not(.elementor-drop-cap-view-default) .elementor-drop-cap-letter{width:1em;height:1em}.elementor-widget-text-editor .elementor-drop-cap{float:left;text-align:center;line-height:1;font-size:50px}.elementor-widget-text-editor .elementor-drop-cap-letter{display:inline-block}<\/style>\t\t\t\t<p>Este comerciante se compromete a no permitir ninguna transacci\u00f3n que sea ilegal, o se considere por las marcas de tarjetas de cr\u00e9dito o el banco adquiriente, que pueda o tenga el potencial de da\u00f1ar la buena voluntad de los mismos o influir de manera negativa en ellos. Las siguientes actividades est\u00e1n prohibidas en virtud de los programas de las marcas de tarjetas: la venta u oferta de un producto o servicio que no sea de plena conformidad con todas las leyes aplicables al Comprador, Banco Emisor, Comerciante, Titular de la tarjeta, o tarjetas. Adem\u00e1s, las siguientes actividades tambi\u00e9n est\u00e1n prohibidas expl\u00edcitamente: \u201cVenta de bebidas alcoh\u00f3licas a menores de 18 a\u00f1os.<\/p><h3><strong>1.-Informaci\u00f3n General<\/strong><\/h3><p>1.1.- El presente aviso e informaci\u00f3n legal (en adelante, el \u201cAviso Legal\u201d) regula el uso del servicio del portal de Internet https:\/\/jekyllhydedrinks.com\/ (en adelante, el \u201cPortal\u201d o \u201cweb\u201d). Las presentes condiciones tienen por objeto regular el acceso y utilizaci\u00f3n del portal por parte de los usuarios que lo visiten, as\u00ed como la puesta a disposici\u00f3n a favor de \u00e9stos, de forma gratuita salvo indicaci\u00f3n expresa en contrario, tanto de la informaci\u00f3n suministrada, ya sea general o especializada, como de los diferentes contenidos ofrecidos y servicios facilitados en el mismo.<\/p><p>1.2.- Cualquier usuario que acceda a la informaci\u00f3n y servicios ofrecidos en el citado dominio est\u00e1 sujeto al presente documento y ello implica la adhesi\u00f3n y aceptaci\u00f3n de \u00e9ste a los T\u00e9rminos y Condiciones establecidos en cada momento. Se entiende por cliente\/usuario todo aquel que navegue por el portal y\/o utilice los servicios incluidos o adquiera los servicios o productos ofertados en el mismo. Por lo cual recomendamos que se lea atentamente las presentes Condiciones antes de iniciar el uso.<\/p><p>1.3.- Para dar cumplimiento con lo establecido en la Ley 34\/2002, de 11 de julio, de Servicios de la Sociedad de la Informaci\u00f3n y de comercio electr\u00f3nico, a continuaci\u00f3n se indican los datos de informaci\u00f3n general de este sitio web:<\/p><ul><li>Titular:\u00a0 Abracadabra Spirits Drinks S.L<\/li><li>CIF:\u00a0B-87573309<\/li><li>Direcci\u00f3n:\u00a0 Castellana 79, 7 planta<\/li><li>C.P 28046. Madrid.<\/li><\/ul><p>1.4.- En cuanto a la informaci\u00f3n contenida en el portal, Abracadabra Spirits Drinks S.L (en adelante, \u201cel titular del sitio web\u201d) no garantiza la inexistencia de interrupciones o errores en el acceso al portal, en su contenido, ni que \u00e9ste se encuentre actualizado, aunque desarrollar\u00e1 sus mejores esfuerzos para, en su caso, evitarlos, subsanarlos o actualizarlos intentando mantener por ello la mayor precisi\u00f3n en los contenidos y una completa informaci\u00f3n para el usuario.<\/p><p>1.5.- Igualmente la entidad no puede garantizar que los enlaces a otros lugares sean exactos en el momento de su acceso. Los lugares a los que apuntan los enlaces son propiedad de terceros y por lo cual son ellos los que se responsabilizaran en su medida y en la legalidad de su contenido. Las eventuales referencias que se hagan en esta Web a cualquier producto, servicio, proceso, enlace, hipertexto o cualquier otra informaci\u00f3n utilizando la marca, el nombre comercial o el fabricante o suministrador, etc. que sean de titularidad de terceros, no constituye o implica respaldo, patrocinio o recomendaci\u00f3n por parte de esta empresa.<\/p><p>1.6.- Para el caso que se presten servicios de comercio electr\u00f3nico a trav\u00e9s del Portal\u00a0 ser\u00e1 de aplicaci\u00f3n la normativa contenida en la Ley 34\/2002, de Servicios de la Sociedad de la Informaci\u00f3n y Comercio electr\u00f3nico, la Ley 7\/1998 sobre Condiciones Generales de Contrataci\u00f3n, el Real Decreto Legislativo 1\/2007, de 16 de noviembre, por el que se aprueba el Texto Refundido de la Ley General de Defensa de los Consumidores y Usuarios y otras leyes complementarias, la Ley 7\/1996 de Ordenaci\u00f3n del Comercio Minorista, y en particular, por las Condiciones Particulares de contrataci\u00f3n que, en su caso sean publicadas en el Portal web.<\/p><p>1.7.- Aunque el titular del sitio web se reserva el derecho de modificar unilateralmente, en cualquier momento y sin previo aviso, tanto las presentes Condiciones Generales, como las Particulares que eventualmente puedan establecerse; la configuraci\u00f3n, presentaci\u00f3n y dise\u00f1o del portal o de cualquiera de los elementos que lo integran; las informaciones, generales o especializadas, y los contenidos suministrados y, en general, cualesquiera otras circunstancias no designadas expresamente, incluida la cancelaci\u00f3n del portal o de alguno de sus elementos. Implantada cualquiera de las referidas modificaciones en el portal, todo acceso posterior realizado por el usuario supondr\u00e1 su aceptaci\u00f3n incondicional de la misma.<\/p><p>1.8.- Las presentes Condiciones Generales y las Particulares que eventualmente puedan establecerse, y con la redacci\u00f3n que presenten en cada momento, tienen una duraci\u00f3n indefinida, y permanecer\u00e1n en vigor mientras el portal contin\u00fae activo.<\/p><h3><strong>2.- Responsabilidad del usuario<\/strong><\/h3><p>2.1.- El uso del Portal se realizar\u00e1 bajo la \u00fanica y exclusiva responsabilidad del usuario, quedando exonerado, expresamente, el titular del sitio web de los da\u00f1os y\/o perjuicios que se causaren al usuario o a terceros por dicho uso en contra de lo establecido en el presente Aviso Legal y las Condiciones Particulares que en cada caso fuesen de aplicaci\u00f3n, o en contra de la legislaci\u00f3n vigente y aplicable en el momento. Dicha responsabilidad se extender\u00e1 al uso, por parte del usuario o de cualquier tercero, de cualesquiera contrase\u00f1a o similares asignadas para el acceso al Portal, en su caso, o a cualesquiera de sus servicios.<\/p><p>2.2.- El Usuario se compromete a hacer un uso adecuado de los contenidos y servicios que la entidad ofrece a trav\u00e9s de su portal y con car\u00e1cter enunciativo pero no limitativo, a no emplearlos para:<\/p><ol><li>Incurrir en actividades il\u00edcitas, ilegales o contrarias a la buena fe y al orden p\u00fablico;<\/li><li>Difundir contenidos o propaganda de car\u00e1cter racista, xen\u00f3fobo, pornogr\u00e1fico-ilegal, de apolog\u00eda del terrorismo o atentatorio contra los derechos humanos;<\/li><li>Provocar da\u00f1os en los sistemas f\u00edsicos y l\u00f3gicos del titular del sitio web, de sus proveedores o de terceras personas, introducir o difundir en la red virus inform\u00e1ticos o cualesquiera otros sistemas f\u00edsicos o l\u00f3gicos que sean susceptibles de provocar los da\u00f1os anteriormente mencionados<\/li><\/ol><p>2.3.- Asimismo el titular del sitio web, aunque comprometido a adoptar las medidas de seguridad adecuadas, no se hace responsable de los posibles errores de seguridad que se puedan producir ni de los posibles da\u00f1os que puedan causarse al sistema inform\u00e1tico del usuario (hardware y software), los ficheros o documentos almacenados en el mismo, como consecuencia de la presencia de virus u otros en el ordenador del usuario utilizado para la conexi\u00f3n a los servicios y contenidos del portal, de un mal funcionamiento del navegador o del uso de versiones no actualizadas del mismo.<\/p><p>2.4.- La empresa, se reserva el derecho a denegar en cualquier momento y sin necesidad de aviso previo, el acceso al Portal, a aquellos usuarios que incumplan estas condiciones generales, o las particulares que en cada caso les sean de aplicaci\u00f3n.<\/p><p>2.5.- En el caso que el titular del sitio web dispusiese de enlaces a otros sitios de internet gestionados por terceros, el titular del sitio web no ejercer\u00e1 ning\u00fan tipo de control sobre dichos sitios y\/o contenidos, y por tanto queda excluida cualquier responsabilidad al titular del Portal derivada del uso y contenido de tales enlaces. Asimismo, en caso de que el Portal incluya enlaces a pasarelas de pago o similares, el titular del sitio web no asume ninguna responsabilidad sobre el contenido, disponibilidad t\u00e9cnica o funcionamiento de los mismos.<\/p><p>2.6.- El titular del sitio web no garantiza la licitud, calidad, fiabilidad y utilidad de los servicios prestados por terceros o los que el titular del sitio web act\u00fae \u00fanicamente como mero conector.\u00a0 Los enlaces externos dirigen a p\u00e1ginas web de entidades ajenas a la nuestra. Dichas entidades son las responsables de sus contenidos. En caso de cualquier transgresi\u00f3n de la ley, se eliminar\u00e1n inmediatamente dichos enlaces.<\/p><h3><strong>3.- Derechos de propiedad Intelectual<\/strong><\/h3><p>3.1.- Todo el portal, entendi\u00e9ndose incluido, el contenido, c\u00f3digos fuente, forma dise\u00f1o, denominaci\u00f3n de los productos, im\u00e1genes, marcas, nombres comerciales, logotipos, gr\u00e1ficos, incluidos copyright, archivos de audio, archivo de software, combinaciones de colores, as\u00ed como la estructura, contenido y orden de la misma, est\u00e1n protegidos por la normativa reguladora de la Propiedad Intelectual e Industrial y se entiende que son propiedad, han sido cedidos o son objeto de licencia, a favor del titular del sitio web y por lo tanto la autor\u00eda y el derecho de explotaci\u00f3n se encuentran protegidos por las leyes mercantiles y penales vigentes, y su infracci\u00f3n constituye una actividad il\u00edcita o delictiva.<\/p><p>3.2.- El USUARIO podr\u00e1 visualizar los elementos y contenidos de esta p\u00e1gina web e incluso imprimirlos, copiarlos y almacenarlos en el disco duro de su ordenador o en cualquier otro soporte f\u00edsico siempre y cuando sea, \u00fanica y exclusivamente, para su uso personal y privado, manteniendo en todo momento intactos las notas relativas a los derechos de autor y propiedad. Quedando, por tanto, terminantemente prohibida la reproducci\u00f3n, transformaci\u00f3n, distribuci\u00f3n, comunicaci\u00f3n p\u00fablica, puesta a disposici\u00f3n o cualquier otra forma de explotaci\u00f3n con fines comerciales, as\u00ed como su modificaci\u00f3n, alteraci\u00f3n o descompilaci\u00f3n. El USUARIO deber\u00e1 abstenerse de suprimir, alterar, eludir o manipular cualquier dispositivo de protecci\u00f3n o sistema de seguridad que estuviera instalado en esta p\u00e1gina web.<\/p><p>3.3.- El acceso y navegaci\u00f3n por el sitio web no otorga al Usuario ninguna licencia o autorizaci\u00f3n de uso de ninguna clase sobre sus derechos de Propiedad Intelectual o Industrial o sobre cualquier derecho o propiedad relacionados con la propia web, los servicios o los contenidos, salvo el mero derecho al acceso y navegaci\u00f3n, reserv\u00e1ndose el titular del sitio web la facultad de ejercer las acciones legales pertinentes en el caso de que el Usuario incumpla los derechos de propiedad intelectual y\/o industrial.<\/p><h3><strong>4.- Jurisdicci\u00f3n y legislaci\u00f3n aplicables<\/strong><\/h3><p>4.1.- Los t\u00e9rminos y condiciones que rigen este portal y todas las relaciones que pudieran derivarse se encuentran salvaguardados por la legislaci\u00f3n espa\u00f1ola.<\/p><p>4.2.- Cualquier controversia que pudiera derivarse del acceso o la utilizaci\u00f3n de este portal se somete a la exclusiva jurisdicci\u00f3n de los tribunales del domicilio del titular del sitio web.<\/p>\t\t\t\t\t\t<\/div>\n\t\t\t\t<\/div>\n\t\t\t\t\t<\/div>\n\t\t<\/div>\n\t\t\t\t\t<\/div>\n\t\t<\/section>\n\t\t\t\t<\/div>","protected":false},"excerpt":{"rendered":"<p>AVISO LEGAL Este comerciante se compromete a no permitir ninguna transacci\u00f3n que sea ilegal, o se considere por las marcas de tarjetas de cr\u00e9dito o el banco adquiriente, que pueda o tenga el potencial de da\u00f1ar la buena voluntad de los mismos o influir de manera negativa en ellos. Las siguientes actividades est\u00e1n prohibidas en &hellip; <\/p>\n<p class=\"link-more\"><a href=\"https:\/\/mrhydegin.com\/en\/aviso-legal\/\" class=\"more-link\">Continue reading<span class=\"screen-reader-text\"> \u00abAviso legal\u00bb<\/span><\/a><\/p>","protected":false},"author":1,"featured_media":0,"parent":0,"menu_order":0,"comment_status":"closed","ping_status":"closed","template":"elementor_header_footer","meta":{"footnotes":""},"class_list":["post-1074","page","type-page","status-publish","hentry"],"_links":{"self":[{"href":"https:\/\/mrhydegin.com\/en\/wp-json\/wp\/v2\/pages\/1074","targetHints":{"allow":["GET"]}}],"collection":[{"href":"https:\/\/mrhydegin.com\/en\/wp-json\/wp\/v2\/pages"}],"about":[{"href":"https:\/\/mrhydegin.com\/en\/wp-json\/wp\/v2\/types\/page"}],"author":[{"embeddable":true,"href":"https:\/\/mrhydegin.com\/en\/wp-json\/wp\/v2\/users\/1"}],"replies":[{"embeddable":true,"href":"https:\/\/mrhydegin.com\/en\/wp-json\/wp\/v2\/comments?post=1074"}],"version-history":[{"count":4,"href":"https:\/\/mrhydegin.com\/en\/wp-json\/wp\/v2\/pages\/1074\/revisions"}],"predecessor-version":[{"id":1078,"href":"https:\/\/mrhydegin.com\/en\/wp-json\/wp\/v2\/pages\/1074\/revisions\/1078"}],"wp:attachment":[{"href":"https:\/\/mrhydegin.com\/en\/wp-json\/wp\/v2\/media?parent=1074"}],"curies":[{"name":"wp","href":"https:\/\/api.w.org\/{rel}","templated":true}]}}