{"id":1079,"date":"2024-03-14T12:11:48","date_gmt":"2024-03-14T12:11:48","guid":{"rendered":"https:\/\/mrhydegin.com\/?page_id=1079"},"modified":"2024-03-14T12:12:59","modified_gmt":"2024-03-14T12:12:59","slug":"politica-de-cookies","status":"publish","type":"page","link":"https:\/\/mrhydegin.com\/en\/politica-de-cookies\/","title":{"rendered":"Pol\u00edtica de privacidad"},"content":{"rendered":"<div data-elementor-type=\"wp-page\" data-elementor-id=\"1079\" class=\"elementor elementor-1079\" data-elementor-post-type=\"page\">\n\t\t\t\t\t\t<section class=\"elementor-section elementor-top-section elementor-element elementor-element-0607113 back elementor-hidden-tablet elementor-hidden-mobile elementor-section-boxed elementor-section-height-default elementor-section-height-default\" data-id=\"0607113\" data-element_type=\"section\" data-settings=\"{&quot;background_background&quot;:&quot;classic&quot;}\">\n\t\t\t\t\t\t<div class=\"elementor-container elementor-column-gap-default\">\n\t\t\t\t\t<div class=\"elementor-column elementor-col-100 elementor-top-column elementor-element elementor-element-5d01a09\" data-id=\"5d01a09\" data-element_type=\"column\">\n\t\t\t<div class=\"elementor-widget-wrap elementor-element-populated\">\n\t\t\t\t\t\t<div class=\"elementor-element elementor-element-56b64a2 elementor-widget elementor-widget-heading\" data-id=\"56b64a2\" data-element_type=\"widget\" data-widget_type=\"heading.default\">\n\t\t\t\t<div class=\"elementor-widget-container\">\n\t\t\t<style>\/*! elementor - v3.19.0 - 07-02-2024 *\/\n.elementor-heading-title{padding:0;margin:0;line-height:1}.elementor-widget-heading .elementor-heading-title[class*=elementor-size-]>a{color:inherit;font-size:inherit;line-height:inherit}.elementor-widget-heading .elementor-heading-title.elementor-size-small{font-size:15px}.elementor-widget-heading .elementor-heading-title.elementor-size-medium{font-size:19px}.elementor-widget-heading .elementor-heading-title.elementor-size-large{font-size:29px}.elementor-widget-heading .elementor-heading-title.elementor-size-xl{font-size:39px}.elementor-widget-heading .elementor-heading-title.elementor-size-xxl{font-size:59px}<\/style><h2 class=\"elementor-heading-title elementor-size-default\">POL\u00cdTICA DE PRIVACIDAD<\/h2>\t\t<\/div>\n\t\t\t\t<\/div>\n\t\t\t\t<div class=\"elementor-element elementor-element-b118322 elementor-widget elementor-widget-text-editor\" data-id=\"b118322\" data-element_type=\"widget\" data-widget_type=\"text-editor.default\">\n\t\t\t\t<div class=\"elementor-widget-container\">\n\t\t\t<style>\/*! elementor - v3.19.0 - 07-02-2024 *\/\n.elementor-widget-text-editor.elementor-drop-cap-view-stacked .elementor-drop-cap{background-color:#69727d;color:#fff}.elementor-widget-text-editor.elementor-drop-cap-view-framed .elementor-drop-cap{color:#69727d;border:3px solid;background-color:transparent}.elementor-widget-text-editor:not(.elementor-drop-cap-view-default) .elementor-drop-cap{margin-top:8px}.elementor-widget-text-editor:not(.elementor-drop-cap-view-default) .elementor-drop-cap-letter{width:1em;height:1em}.elementor-widget-text-editor .elementor-drop-cap{float:left;text-align:center;line-height:1;font-size:50px}.elementor-widget-text-editor .elementor-drop-cap-letter{display:inline-block}<\/style>\t\t\t\t<h1>Pol\u00edtica de Privacidad<\/h1><p><strong>1.- Protecci\u00f3n de datos<\/strong><\/p><p>1.1.- En cumplimiento de lo dispuesto en la Ley Org\u00e1nica 15\/1999, de 13 de diciembre, de Protecci\u00f3n de Datos de Car\u00e1cter Personal (LOPD), y en la Ley 34\/2002, de 11 de julio, de servicios de la sociedad de la informaci\u00f3n y comercio electr\u00f3nico, as\u00ed como en en el Reglamento General de Protecci\u00f3n de Datos 2016\/679 y en las normas de desarrollo, se informa al Usuario del Portal de lo siguiente:<\/p><p>1.2.- Que la entidad se compromete al respeto de la legislaci\u00f3n vigente en materia de protecci\u00f3n de datos personales, la privacidad y confidencialidad de los usuarios, as\u00ed como el secreto y seguridad de los datos personales. Adoptando para ello las medidas t\u00e9cnicas y organizativas necesarias para evitar la p\u00e9rdida, mal uso, alteraci\u00f3n, acceso no autorizado y robo de los datos personales facilitados, habida cuenta del estado de la tecnolog\u00eda, la naturaleza de los datos y los riesgos a los que est\u00e1n expuestos.<\/p><p>1.3.- Igualmente se compromete a que los datos de car\u00e1cter personal s\u00f3lo podr\u00e1n obtenerse para su tratamiento cuando sean adecuados, pertinentes y no excesivos en relaci\u00f3n con el \u00e1mbito y las finalidades determinadas, expl\u00edcitas y leg\u00edtimas para las que se hayan obtenido. Y que de los mismos se har\u00e1 un uso racional y responsable. As\u00ed como a no cederlos a cualquier otra entidad salvo autorizaci\u00f3n expresa del titular. Por otro lado los datos proporcionados ser\u00e1n cancelados por la entidad cuando hayan dejado de ser necesarios o pertinentes para dicha finalidad, o cuando lo solicite el titular, en el ejercicio de su derecho de cancelaci\u00f3n, enviando correo electr\u00f3nico en el cual se manifestar\u00e1 esta intenci\u00f3n adjuntado al mismo copia de su DNI u otro documento identificativo.<\/p><p>1.4.- Los usuarios garantizan y responden, en cualquier caso, de la veracidad, exactitud, vigencia, autenticidad, pertinencia y no excesividad de los datos personales proporcionados, y se comprometen a mantenerlos debidamente actualizados.<\/p><p>1.5.- \u00bfQui\u00e9n es el responsable del tratamiento de sus datos?<\/p><p><strong>Abracadabra Spirits Drinks S.L<\/strong><br \/><strong>B-87573309<\/strong><br \/><strong>Castellana 79, 7 planta.<\/strong><br \/><strong>C.P 28046. Madrid.<\/strong><\/p><p>1.6.- \u00bfCu\u00e1les son sus derechos cuando nos facilita sus datos?<\/p><p>\u2013 Acceso: El interesado tiene derecho a saber que datos est\u00e1 tratando la ENTIDAD sobre \u00e9l.<\/p><p>\u2013 Rectificaci\u00f3n: El interesado tiene derecho a solicitar la rectificaci\u00f3n de los datos inexactos.<\/p><p>\u2013 Supresi\u00f3n: El interesado tiene derecho a solicitar la supresi\u00f3n de sus datos cuando, entro otros motivos, los datos no sean necesarios para los fines que fueron recogidos.<\/p><p>\u2013 Limitaci\u00f3n del tratamiento: En determinadas circunstancias el interesado podr\u00e1 solicitar la limitaci\u00f3n del tratamiento de sus datos, en cuyo caso \u00fanicamente los conservaremos para el ejercicio o la defensa de reclamaciones.<\/p><p>\u2013 Oposici\u00f3n: En determinadas circunstancias el interesado podr\u00e1 oponerse al tratamiento de sus datos. En ese caso la ENTIDAD dejar\u00e1 de tratar sus datos, salvo por motivos leg\u00edtimos imperiosos o el ejercicio o la defensa de posibles reclamaciones.<\/p><p>\u2013 Portabilidad de los datos: S\u00f3lo aplicable a datos automatizados y consiste en pasar los datos desde la ENTIDAD a otro nuevo RESPONSABLE DEL TRATAMIENTO (no al interesado y por solicitud del mismo).<\/p><p><strong>\u2013 TIEMPO DE CONSERVACION:<\/strong>\u00a0Los datos proporcionados se conservar\u00e1n mientras no solicite el cese, se sigan manteniendo relaciones comerciales u obliguen a su conservaci\u00f3n otras leyes aplicables.<\/p><p>Puede usted ejercer sus derechos incluido el derecho a retirar su consentimiento (si \u00e9ste fue otorgado) enviando un escrito a:<\/p><ul><li>Abracadabra Spirits Drinks S.L<\/li><li>B-87573309<\/li><li>Castellana 79, 7 planta.<\/li><li>C.P 28046. Madrid.<\/li><\/ul><p>Adem\u00e1s tiene usted derecho a presentar una reclamaci\u00f3n ante la Autoridad de Control en materia de Protecci\u00f3n de Datos, actualmente la Agencia Espa\u00f1ola de Protecci\u00f3n de Datos.<\/p><p>1.7.- Cl\u00e1usula para el formulario de la web<\/p><ul><li>Abracadabra Spirits Drinks S.L<\/li><li>B-87573309<\/li><li>Castellana 79, 7 planta.<\/li><li>C.P 28046. Madrid.<\/li><\/ul><p>La finalidad del tratamiento de los datos para la que usted da su consentimiento ser\u00e1 la de gestionar los datos de los clientes\/usuarios que accedan al formulario de contacto de la p\u00e1gina web de la entidad, contestar sus consultas y\/o enviar publicidad de productos o servicios que puedan ser de su inter\u00e9s. Los datos proporcionados se conservar\u00e1n mientras no solicite el cese de la actividad y no se ceder\u00e1n a terceros, salvo obligaci\u00f3n legal. Ud. tiene derecho al acceso, rectificaci\u00f3n o a solicitar su supresi\u00f3n cuando los datos ya no sean necesarios para los fines que fueron recogidos en los t\u00e9rminos previstos en la Ley, que podr\u00e1 ejercitar mediante escrito dirigido al responsable de los mismos en la direcci\u00f3n de e-Mail<\/p>\t\t\t\t\t\t<\/div>\n\t\t\t\t<\/div>\n\t\t\t\t\t<\/div>\n\t\t<\/div>\n\t\t\t\t\t<\/div>\n\t\t<\/section>\n\t\t\t\t<\/div>","protected":false},"excerpt":{"rendered":"<p>POL\u00cdTICA DE PRIVACIDAD Pol\u00edtica de Privacidad 1.- Protecci\u00f3n de datos 1.1.- En cumplimiento de lo dispuesto en la Ley Org\u00e1nica 15\/1999, de 13 de diciembre, de Protecci\u00f3n de Datos de Car\u00e1cter Personal (LOPD), y en la Ley 34\/2002, de 11 de julio, de servicios de la sociedad de la informaci\u00f3n y comercio electr\u00f3nico, as\u00ed como &hellip; <\/p>\n<p class=\"link-more\"><a href=\"https:\/\/mrhydegin.com\/en\/politica-de-cookies\/\" class=\"more-link\">Continue reading<span class=\"screen-reader-text\"> \u00abPol\u00edtica de privacidad\u00bb<\/span><\/a><\/p>","protected":false},"author":1,"featured_media":0,"parent":0,"menu_order":0,"comment_status":"closed","ping_status":"closed","template":"elementor_header_footer","meta":{"footnotes":""},"class_list":["post-1079","page","type-page","status-publish","hentry"],"_links":{"self":[{"href":"https:\/\/mrhydegin.com\/en\/wp-json\/wp\/v2\/pages\/1079","targetHints":{"allow":["GET"]}}],"collection":[{"href":"https:\/\/mrhydegin.com\/en\/wp-json\/wp\/v2\/pages"}],"about":[{"href":"https:\/\/mrhydegin.com\/en\/wp-json\/wp\/v2\/types\/page"}],"author":[{"embeddable":true,"href":"https:\/\/mrhydegin.com\/en\/wp-json\/wp\/v2\/users\/1"}],"replies":[{"embeddable":true,"href":"https:\/\/mrhydegin.com\/en\/wp-json\/wp\/v2\/comments?post=1079"}],"version-history":[{"count":7,"href":"https:\/\/mrhydegin.com\/en\/wp-json\/wp\/v2\/pages\/1079\/revisions"}],"predecessor-version":[{"id":1086,"href":"https:\/\/mrhydegin.com\/en\/wp-json\/wp\/v2\/pages\/1079\/revisions\/1086"}],"wp:attachment":[{"href":"https:\/\/mrhydegin.com\/en\/wp-json\/wp\/v2\/media?parent=1079"}],"curies":[{"name":"wp","href":"https:\/\/api.w.org\/{rel}","templated":true}]}}