{"id":1087,"date":"2024-03-14T12:14:25","date_gmt":"2024-03-14T12:14:25","guid":{"rendered":"https:\/\/mrhydegin.com\/?page_id=1087"},"modified":"2024-03-14T12:14:51","modified_gmt":"2024-03-14T12:14:51","slug":"devoluciones","status":"publish","type":"page","link":"https:\/\/mrhydegin.com\/en\/devoluciones\/","title":{"rendered":"Devoluciones"},"content":{"rendered":"<div data-elementor-type=\"wp-page\" data-elementor-id=\"1087\" class=\"elementor elementor-1087\" data-elementor-post-type=\"page\">\n\t\t\t\t\t\t<section class=\"elementor-section elementor-top-section elementor-element elementor-element-0607113 back elementor-hidden-tablet elementor-hidden-mobile elementor-section-boxed elementor-section-height-default elementor-section-height-default\" data-id=\"0607113\" data-element_type=\"section\" data-settings=\"{&quot;background_background&quot;:&quot;classic&quot;}\">\n\t\t\t\t\t\t<div class=\"elementor-container elementor-column-gap-default\">\n\t\t\t\t\t<div class=\"elementor-column elementor-col-100 elementor-top-column elementor-element elementor-element-5d01a09\" data-id=\"5d01a09\" data-element_type=\"column\">\n\t\t\t<div class=\"elementor-widget-wrap elementor-element-populated\">\n\t\t\t\t\t\t<div class=\"elementor-element elementor-element-56b64a2 elementor-widget elementor-widget-heading\" data-id=\"56b64a2\" data-element_type=\"widget\" data-widget_type=\"heading.default\">\n\t\t\t\t<div class=\"elementor-widget-container\">\n\t\t\t<style>\/*! elementor - v3.19.0 - 07-02-2024 *\/\n.elementor-heading-title{padding:0;margin:0;line-height:1}.elementor-widget-heading .elementor-heading-title[class*=elementor-size-]>a{color:inherit;font-size:inherit;line-height:inherit}.elementor-widget-heading .elementor-heading-title.elementor-size-small{font-size:15px}.elementor-widget-heading .elementor-heading-title.elementor-size-medium{font-size:19px}.elementor-widget-heading .elementor-heading-title.elementor-size-large{font-size:29px}.elementor-widget-heading .elementor-heading-title.elementor-size-xl{font-size:39px}.elementor-widget-heading .elementor-heading-title.elementor-size-xxl{font-size:59px}<\/style><h2 class=\"elementor-heading-title elementor-size-default\">DEVOLUCIONES<\/h2>\t\t<\/div>\n\t\t\t\t<\/div>\n\t\t\t\t<div class=\"elementor-element elementor-element-b118322 elementor-widget elementor-widget-text-editor\" data-id=\"b118322\" data-element_type=\"widget\" data-widget_type=\"text-editor.default\">\n\t\t\t\t<div class=\"elementor-widget-container\">\n\t\t\t<style>\/*! elementor - v3.19.0 - 07-02-2024 *\/\n.elementor-widget-text-editor.elementor-drop-cap-view-stacked .elementor-drop-cap{background-color:#69727d;color:#fff}.elementor-widget-text-editor.elementor-drop-cap-view-framed .elementor-drop-cap{color:#69727d;border:3px solid;background-color:transparent}.elementor-widget-text-editor:not(.elementor-drop-cap-view-default) .elementor-drop-cap{margin-top:8px}.elementor-widget-text-editor:not(.elementor-drop-cap-view-default) .elementor-drop-cap-letter{width:1em;height:1em}.elementor-widget-text-editor .elementor-drop-cap{float:left;text-align:center;line-height:1;font-size:50px}.elementor-widget-text-editor .elementor-drop-cap-letter{display:inline-block}<\/style>\t\t\t\t<h3><strong>10.1. Normas generales<\/strong><\/h3><p>El cliente tiene derecho a desistir del contrato en los t\u00e9rminos previstos en el Texto Refundido de la Ley General para la Defensa de los Consumidores y Usuarios dentro de los quince d\u00edas h\u00e1biles siguientes a la recepci\u00f3n del art\u00edculo.<\/p><p>Para la formalizaci\u00f3n del desistimiento el cliente deber\u00e1 remitir el producto y su embalaje original (o en su defecto, el objeto podr\u00e1 sufrir una depreciaci\u00f3n en el precio) en perfecto estado a Abracadabra Spirits Drinks S.L, en el plazo indicado, acompa\u00f1ando una comunicaci\u00f3n en la que haga constar su voluntad de desistir del contrato, sus datos y los del contrato cuyo desistimiento pretende, o en su caso, un formulario de devoluciones indicando su voluntad de desistir.<\/p><p>Formalizado el desistimiento y devuelto el art\u00edculo, siempre que sea posible, junto con su embalaje original\u00a0(o en el caso de no disponer del embalaje original, el bien podr\u00eda sufrir una depreciaci\u00f3n del precio), se proceder\u00e1 a la devoluci\u00f3n del precio hasta recibir los bienes.<\/p><p>Adem\u00e1s, en funci\u00f3n de la Normativa Vigente, no se aceptan devoluciones de productos de alimentaci\u00f3n como leches infantiles, papillas, complementos alimenticios, tests de autodiagn\u00f3stico, etc\u00e9tera, ya que se pierde el control de calidad.<\/p><h3><strong>10.2. Cambios<\/strong><\/h3><p>Solo es posible el cambio de un art\u00edculo, por otro de importe igual o superior pagando la diferencia de precio, dentro de los 15 primeros d\u00edas desde la recepci\u00f3n del art\u00edculo. Sin perjuicio del derecho de desistimiento, no se devuelve el importe de las compras excepto en caso de tara o desperfecto, aunque antes de enviar un art\u00edculo se revisa cuidadosamente evitando tales circunstancias.<\/p><p>En el caso de que quiera cambiar o devolver alg\u00fan art\u00edculo deber\u00e1 enviarlo a la siguiente direcci\u00f3n junto con su embalaje original. El coste del env\u00edo ir\u00e1 siempre a cargo del cliente, recomendamos el env\u00edo mediante una empresa de mensajer\u00eda debido al tipo de producto. No se aceptar\u00e1n cambios ni devoluciones de art\u00edculos a portes debidos.<\/p><p>Direcci\u00f3n de env\u00edo para cambios:<\/p><ul id=\"block-b33e1676-4fcb-4ed8-bffc-d2203a3b05a6\"><li>Titular:\u00a0 Abracadabra Spirits Drinks S.L<\/li><li>CIF:\u00a0B-87573309<\/li><li>Direcci\u00f3n:\u00a0 Castellana 79, 7 planta<\/li><li>C.P 28046. Madrid.<\/li><\/ul><p>Si tienen alguna duda, puede ponerse en contacto con nosotros a trav\u00e9s de nuestro correo info@jekyllhydedrinks.com<\/p><h3><strong>10.3. Devoluciones de productos defectuosos<\/strong><\/h3><p>Se podr\u00e1 devolver un pedido si no se encontrara en condiciones adecuadas para su uso o sufriera desperfectos. En este caso se proceder\u00e1, seg\u00fan corresponda a la reparaci\u00f3n, sustituci\u00f3n, rebaja del precio o resoluci\u00f3n del contrato y todas las gestiones ser\u00e1n gratuitas para el consumidor y usuario. El comprador dispone de un plazo de dos meses para informar de la falta de conformidad desde que se ha tenido conocimiento de ella.<\/p><p>Quedan a salvo los derechos reconocidos por la legislaci\u00f3n vigente.<\/p>\t\t\t\t\t\t<\/div>\n\t\t\t\t<\/div>\n\t\t\t\t\t<\/div>\n\t\t<\/div>\n\t\t\t\t\t<\/div>\n\t\t<\/section>\n\t\t\t\t<\/div>","protected":false},"excerpt":{"rendered":"<p>DEVOLUCIONES 10.1. Normas generales El cliente tiene derecho a desistir del contrato en los t\u00e9rminos previstos en el Texto Refundido de la Ley General para la Defensa de los Consumidores y Usuarios dentro de los quince d\u00edas h\u00e1biles siguientes a la recepci\u00f3n del art\u00edculo. Para la formalizaci\u00f3n del desistimiento el cliente deber\u00e1 remitir el producto &hellip; <\/p>\n<p class=\"link-more\"><a href=\"https:\/\/mrhydegin.com\/en\/devoluciones\/\" class=\"more-link\">Continue reading<span class=\"screen-reader-text\"> \u00abDevoluciones\u00bb<\/span><\/a><\/p>","protected":false},"author":1,"featured_media":0,"parent":0,"menu_order":0,"comment_status":"closed","ping_status":"closed","template":"elementor_header_footer","meta":{"footnotes":""},"class_list":["post-1087","page","type-page","status-publish","hentry"],"_links":{"self":[{"href":"https:\/\/mrhydegin.com\/en\/wp-json\/wp\/v2\/pages\/1087","targetHints":{"allow":["GET"]}}],"collection":[{"href":"https:\/\/mrhydegin.com\/en\/wp-json\/wp\/v2\/pages"}],"about":[{"href":"https:\/\/mrhydegin.com\/en\/wp-json\/wp\/v2\/types\/page"}],"author":[{"embeddable":true,"href":"https:\/\/mrhydegin.com\/en\/wp-json\/wp\/v2\/users\/1"}],"replies":[{"embeddable":true,"href":"https:\/\/mrhydegin.com\/en\/wp-json\/wp\/v2\/comments?post=1087"}],"version-history":[{"count":4,"href":"https:\/\/mrhydegin.com\/en\/wp-json\/wp\/v2\/pages\/1087\/revisions"}],"predecessor-version":[{"id":1091,"href":"https:\/\/mrhydegin.com\/en\/wp-json\/wp\/v2\/pages\/1087\/revisions\/1091"}],"wp:attachment":[{"href":"https:\/\/mrhydegin.com\/en\/wp-json\/wp\/v2\/media?parent=1087"}],"curies":[{"name":"wp","href":"https:\/\/api.w.org\/{rel}","templated":true}]}}